{"id":20,"date":"2025-12-26T11:51:10","date_gmt":"2025-12-26T11:51:10","guid":{"rendered":"https:\/\/espcoaching.fr\/?page_id=20"},"modified":"2025-12-28T09:45:51","modified_gmt":"2025-12-28T09:45:51","slug":"contact","status":"publish","type":"page","link":"https:\/\/espcoaching.fr\/index.php\/contact\/","title":{"rendered":"Contact"},"content":{"rendered":"\t\t<div data-elementor-type=\"wp-page\" data-elementor-id=\"20\" class=\"elementor elementor-20\">\n\t\t\t\t<div class=\"elementor-element elementor-element-4473fc7 e-con-full e-flex e-con e-parent\" data-id=\"4473fc7\" data-element_type=\"container\">\n\t\t\t\t<div class=\"elementor-element elementor-element-d10cc21 elementor-widget elementor-widget-image\" data-id=\"d10cc21\" data-element_type=\"widget\" data-widget_type=\"image.default\">\n\t\t\t\t\t\t\t\t\t\t\t\t\t\t\t<img fetchpriority=\"high\" decoding=\"async\" width=\"1024\" height=\"240\" src=\"https:\/\/espcoaching.fr\/wp-content\/uploads\/2025\/12\/Sans-titre-5-1024x240.png\" class=\"attachment-large size-large wp-image-293\" alt=\"\" srcset=\"https:\/\/espcoaching.fr\/wp-content\/uploads\/2025\/12\/Sans-titre-5-1024x240.png 1024w, https:\/\/espcoaching.fr\/wp-content\/uploads\/2025\/12\/Sans-titre-5-300x70.png 300w, https:\/\/espcoaching.fr\/wp-content\/uploads\/2025\/12\/Sans-titre-5-768x180.png 768w, https:\/\/espcoaching.fr\/wp-content\/uploads\/2025\/12\/Sans-titre-5-600x141.png 600w, https:\/\/espcoaching.fr\/wp-content\/uploads\/2025\/12\/Sans-titre-5.png 1499w\" sizes=\"(max-width: 1024px) 100vw, 1024px\" \/>\t\t\t\t\t\t\t\t\t\t\t\t\t\t\t<\/div>\n\t\t\t\t<\/div>\n\t\t<div class=\"elementor-element elementor-element-9aa46d6 e-flex e-con-boxed e-con e-parent\" data-id=\"9aa46d6\" data-element_type=\"container\">\n\t\t\t\t\t<div class=\"e-con-inner\">\n\t\t\t\t<div class=\"elementor-element elementor-element-d55adeb elementor-widget elementor-widget-wpforms\" data-id=\"d55adeb\" data-element_type=\"widget\" data-widget_type=\"wpforms.default\">\n\t\t\t\t<div class=\"elementor-widget-container\">\n\t\t\t\t\t<style id=\"wpforms-css-vars-elementor-widget-d55adeb\">\n\t\t\t\t.elementor-widget-wpforms.elementor-element-d55adeb {\n\t\t\t\t--wpforms-label-color: #ffffff;\n--wpforms-button-background-color: #0b0e18;\n--wpforms-page-break-color: #1b9eb0;\n\t\t\t}\n\t\t\t<\/style><div class=\"wpforms-container wpforms-container-full wpf-custom-background wpforms-render-modern\" id=\"wpforms-104\"><form id=\"wpforms-form-104\" class=\"wpforms-validate wpforms-form wpforms-ajax-form\" data-formid=\"104\" method=\"post\" enctype=\"multipart\/form-data\" action=\"\/index.php\/wp-json\/wp\/v2\/pages\/20\" data-token=\"c72464dd6eb3ab529d4a928948e9cfd5\" data-token-time=\"1775574809\"><noscript class=\"wpforms-error-noscript\">Veuillez activer JavaScript dans votre navigateur pour remplir ce formulaire.<\/noscript><div id=\"wpforms-error-noscript\" style=\"display: none;\">Veuillez activer JavaScript dans votre navigateur pour remplir ce formulaire.<\/div><div class=\"wpforms-field-container\"><div id=\"wpforms-104-field_1-container\" class=\"wpforms-field wpforms-field-name\" data-field-id=\"1\"><label class=\"wpforms-field-label\" for=\"wpforms-104-field_1\">Pr\u00e9nom <span class=\"wpforms-required-label\" aria-hidden=\"true\">*<\/span><\/label><input type=\"text\" id=\"wpforms-104-field_1\" class=\"wpforms-field-large wpforms-field-required\" name=\"wpforms[fields][1]\" placeholder=\"Votre pr\u00e9nom\" aria-errormessage=\"wpforms-104-field_1-error\" required><\/div><div id=\"wpforms-104-field_5-container\" class=\"wpforms-field wpforms-field-number\" data-field-id=\"5\"><label class=\"wpforms-field-label\" for=\"wpforms-104-field_5\">Num\u00e9ro de t\u00e9l\u00e9phone <span class=\"wpforms-required-label\" aria-hidden=\"true\">*<\/span><\/label><input type=\"number\" id=\"wpforms-104-field_5\" class=\"wpforms-field-large wpforms-field-required\" name=\"wpforms[fields][5]\" placeholder=\"Num\u00e9ro sur lequel vous voulez \u00eatre contact\u00e9\" step=\"any\" aria-errormessage=\"wpforms-104-field_5-error\" required><\/div><div id=\"wpforms-104-field_2-container\" class=\"wpforms-field wpforms-field-email\" data-field-id=\"2\"><label class=\"wpforms-field-label\" for=\"wpforms-104-field_2\">Email <span class=\"wpforms-required-label\" aria-hidden=\"true\">*<\/span><\/label><input type=\"email\" id=\"wpforms-104-field_2\" class=\"wpforms-field-large wpforms-field-required\" name=\"wpforms[fields][2]\" placeholder=\"Votre adresse mail\" spellcheck=\"false\" aria-errormessage=\"wpforms-104-field_2-error\" required><\/div>\t\t<div id=\"wpforms-104-field_7-container\"\n\t\t\tclass=\"wpforms-field wpforms-field-text\"\n\t\t\tdata-field-type=\"text\"\n\t\t\tdata-field-id=\"7\"\n\t\t\t>\n\t\t\t<label class=\"wpforms-field-label\" for=\"wpforms-104-field_7\" >souhait\u00e9 ton est<\/label>\n\t\t\t<input type=\"text\" id=\"wpforms-104-field_7\" class=\"wpforms-field-medium\" name=\"wpforms[fields][7]\" >\n\t\t<\/div>\n\t\t<div id=\"wpforms-104-field_4-container\" class=\"wpforms-field wpforms-field-radio wpforms-list-3-columns\" data-field-id=\"4\"><fieldset><legend class=\"wpforms-field-label\">Pr\u00e9f\u00e9rence de contact<\/legend><ul id=\"wpforms-104-field_4\"><li class=\"choice-1 depth-1\"><input type=\"radio\" id=\"wpforms-104-field_4_1\" name=\"wpforms[fields][4]\" value=\"T\u00e9l\u00e9phone\" aria-errormessage=\"wpforms-104-field_4_1-error\"  ><label class=\"wpforms-field-label-inline\" for=\"wpforms-104-field_4_1\">T\u00e9l\u00e9phone<\/label><\/li><li class=\"choice-2 depth-1\"><input type=\"radio\" id=\"wpforms-104-field_4_2\" name=\"wpforms[fields][4]\" value=\"Mail\" aria-errormessage=\"wpforms-104-field_4_2-error\"  ><label class=\"wpforms-field-label-inline\" for=\"wpforms-104-field_4_2\">Mail<\/label><\/li><li class=\"choice-3 depth-1\"><input type=\"radio\" id=\"wpforms-104-field_4_3\" name=\"wpforms[fields][4]\" value=\"Pas d&#039;importance\" aria-errormessage=\"wpforms-104-field_4_3-error\"  ><label class=\"wpforms-field-label-inline\" for=\"wpforms-104-field_4_3\">Pas d'importance<\/label><\/li><\/ul><\/fieldset><\/div><div id=\"wpforms-104-field_6-container\" class=\"wpforms-field wpforms-field-radio wpforms-list-3-columns\" data-field-id=\"6\"><fieldset><legend class=\"wpforms-field-label\">Programme souhait\u00e9<\/legend><ul id=\"wpforms-104-field_6\"><li class=\"choice-1 depth-1\"><input type=\"radio\" id=\"wpforms-104-field_6_1\" name=\"wpforms[fields][6]\" value=\"Running\" aria-errormessage=\"wpforms-104-field_6_1-error\" aria-describedby=\"wpforms-104-field_6-description\"  ><label class=\"wpforms-field-label-inline\" for=\"wpforms-104-field_6_1\">Running<\/label><\/li><li class=\"choice-2 depth-1\"><input type=\"radio\" id=\"wpforms-104-field_6_2\" name=\"wpforms[fields][6]\" value=\"Musculation renforcement\" aria-errormessage=\"wpforms-104-field_6_2-error\" aria-describedby=\"wpforms-104-field_6-description\"  ><label class=\"wpforms-field-label-inline\" for=\"wpforms-104-field_6_2\">Musculation renforcement<\/label><\/li><li class=\"choice-3 depth-1\"><input type=\"radio\" id=\"wpforms-104-field_6_3\" name=\"wpforms[fields][6]\" value=\"Hybride\" aria-errormessage=\"wpforms-104-field_6_3-error\" aria-describedby=\"wpforms-104-field_6-description\"  ><label class=\"wpforms-field-label-inline\" for=\"wpforms-104-field_6_3\">Hybride<\/label><\/li><\/ul><div id=\"wpforms-104-field_6-description\" class=\"wpforms-field-description\">Si vous ne savez pas vraiment ce qui serait le mieux pour vous nous le d\u00e9ciderons ensemble lors de notre entretien. Pas de panique !<\/div><\/fieldset><\/div><div id=\"wpforms-104-field_3-container\" class=\"wpforms-field wpforms-field-textarea\" data-field-id=\"3\"><label class=\"wpforms-field-label\" for=\"wpforms-104-field_3\">Quel est ton objectif ?<\/label><textarea id=\"wpforms-104-field_3\" class=\"wpforms-field-large\" name=\"wpforms[fields][3]\" placeholder=\"D\u00e9taille-moi rapidement ton objectif pour que je puisse te guider au mieux lors de notre entretien\" aria-errormessage=\"wpforms-104-field_3-error\" ><\/textarea><\/div><script>\n\t\t\t\t( function() {\n\t\t\t\t\tconst style = document.createElement( 'style' );\n\t\t\t\t\tstyle.appendChild( document.createTextNode( '#wpforms-104-field_7-container { position: absolute !important; overflow: hidden !important; display: inline !important; height: 1px !important; width: 1px !important; z-index: -1000 !important; padding: 0 !important; } #wpforms-104-field_7-container input { visibility: hidden; } #wpforms-conversational-form-page #wpforms-104-field_7-container label { counter-increment: none; }' ) );\n\t\t\t\t\tdocument.head.appendChild( style );\n\t\t\t\t\tdocument.currentScript?.remove();\n\t\t\t\t} )();\n\t\t\t<\/script><\/div><!-- .wpforms-field-container --><div class=\"wpforms-submit-container\" ><input type=\"hidden\" name=\"wpforms[id]\" value=\"104\"><input type=\"hidden\" name=\"page_title\" value=\"\"><input type=\"hidden\" name=\"page_url\" value=\"https:\/\/espcoaching.fr\/index.php\/wp-json\/wp\/v2\/pages\/20\"><input type=\"hidden\" name=\"url_referer\" value=\"\"><button type=\"submit\" name=\"wpforms[submit]\" id=\"wpforms-submit-104\" class=\"wpforms-submit\" data-alt-text=\"Envoie...\" data-submit-text=\"Envoyer\" aria-live=\"assertive\" value=\"wpforms-submit\">Envoyer<\/button><img decoding=\"async\" src=\"https:\/\/espcoaching.fr\/wp-content\/plugins\/wpforms-lite\/assets\/images\/submit-spin.svg\" class=\"wpforms-submit-spinner\" style=\"display: none;\" width=\"26\" height=\"26\" alt=\"Chargement en cours\"><\/div><\/form><\/div>  <!-- .wpforms-container -->\t\t\t\t<\/div>\n\t\t\t\t<\/div>\n\t\t\t\t\t<\/div>\n\t\t\t\t<\/div>\n\t\t\t\t<\/div>\n\t\t","protected":false},"excerpt":{"rendered":"<p>Veuillez activer JavaScript dans votre navigateur pour remplir ce formulaire.Veuillez activer JavaScript dans votre navigateur pour remplir ce formulaire.Pr\u00e9nom *Num\u00e9ro [&hellip;]<\/p>\n","protected":false},"author":1,"featured_media":0,"parent":0,"menu_order":4,"comment_status":"closed","ping_status":"closed","template":"","meta":{"site-sidebar-layout":"default","site-content-layout":"","ast-site-content-layout":"default","site-content-style":"default","site-sidebar-style":"default","ast-global-header-display":"","ast-banner-title-visibility":"","ast-main-header-display":"","ast-hfb-above-header-display":"","ast-hfb-below-header-display":"","ast-hfb-mobile-header-display":"","site-post-title":"","ast-breadcrumbs-content":"","ast-featured-img":"","footer-sml-layout":"","ast-disable-related-posts":"","theme-transparent-header-meta":"","adv-header-id-meta":"","stick-header-meta":"","header-above-stick-meta":"","header-main-stick-meta":"","header-below-stick-meta":"","astra-migrate-meta-layouts":"default","ast-page-background-enabled":"default","ast-page-background-meta":{"desktop":{"background-color":"var(--ast-global-color-5)","background-image":"","background-repeat":"repeat","background-position":"center center","background-size":"auto","background-attachment":"scroll","background-type":"","background-media":"","overlay-type":"","overlay-color":"","overlay-opacity":"","overlay-gradient":""},"tablet":{"background-color":"","background-image":"","background-repeat":"repeat","background-position":"center center","background-size":"auto","background-attachment":"scroll","background-type":"","background-media":"","overlay-type":"","overlay-color":"","overlay-opacity":"","overlay-gradient":""},"mobile":{"background-color":"","background-image":"","background-repeat":"repeat","background-position":"center center","background-size":"auto","background-attachment":"scroll","background-type":"","background-media":"","overlay-type":"","overlay-color":"","overlay-opacity":"","overlay-gradient":""}},"ast-content-background-meta":{"desktop":{"background-color":"var(--ast-global-color-4)","background-image":"","background-repeat":"repeat","background-position":"center center","background-size":"auto","background-attachment":"scroll","background-type":"","background-media":"","overlay-type":"","overlay-color":"","overlay-opacity":"","overlay-gradient":""},"tablet":{"background-color":"var(--ast-global-color-4)","background-image":"","background-repeat":"repeat","background-position":"center center","background-size":"auto","background-attachment":"scroll","background-type":"","background-media":"","overlay-type":"","overlay-color":"","overlay-opacity":"","overlay-gradient":""},"mobile":{"background-color":"var(--ast-global-color-4)","background-image":"","background-repeat":"repeat","background-position":"center center","background-size":"auto","background-attachment":"scroll","background-type":"","background-media":"","overlay-type":"","overlay-color":"","overlay-opacity":"","overlay-gradient":""}},"footnotes":""},"class_list":["post-20","page","type-page","status-publish","hentry"],"_links":{"self":[{"href":"https:\/\/espcoaching.fr\/index.php\/wp-json\/wp\/v2\/pages\/20","targetHints":{"allow":["GET"]}}],"collection":[{"href":"https:\/\/espcoaching.fr\/index.php\/wp-json\/wp\/v2\/pages"}],"about":[{"href":"https:\/\/espcoaching.fr\/index.php\/wp-json\/wp\/v2\/types\/page"}],"author":[{"embeddable":true,"href":"https:\/\/espcoaching.fr\/index.php\/wp-json\/wp\/v2\/users\/1"}],"replies":[{"embeddable":true,"href":"https:\/\/espcoaching.fr\/index.php\/wp-json\/wp\/v2\/comments?post=20"}],"version-history":[{"count":20,"href":"https:\/\/espcoaching.fr\/index.php\/wp-json\/wp\/v2\/pages\/20\/revisions"}],"predecessor-version":[{"id":296,"href":"https:\/\/espcoaching.fr\/index.php\/wp-json\/wp\/v2\/pages\/20\/revisions\/296"}],"wp:attachment":[{"href":"https:\/\/espcoaching.fr\/index.php\/wp-json\/wp\/v2\/media?parent=20"}],"curies":[{"name":"wp","href":"https:\/\/api.w.org\/{rel}","templated":true}]}}